{"id":159846,"date":"2025-08-07T15:37:05","date_gmt":"2025-08-07T13:37:05","guid":{"rendered":"https:\/\/www.kikkao.ch\/chi-siamo\/"},"modified":"2026-02-06T16:45:29","modified_gmt":"2026-02-06T15:45:29","slug":"philosophie","status":"publish","type":"page","link":"https:\/\/www.kikkao.ch\/de\/philosophie\/","title":{"rendered":"PHILOSOPHIE"},"content":{"rendered":"<div class=\"wpb-content-wrapper\"><p>[vc_row row_height_percent=&#8221;100&#8243; override_padding=&#8221;yes&#8221; h_padding=&#8221;3&#8243; top_padding=&#8221;7&#8243; bottom_padding=&#8221;3&#8243; back_color=&#8221;color-180562&#8243; back_image=&#8221;159509&#8243; back_repeat=&#8221;no-repeat&#8221; back_position=&#8221;center center&#8221; overlay_alpha=&#8221;50&#8243; gutter_size=&#8221;3&#8243; column_width_percent=&#8221;100&#8243; shift_y=&#8221;0&#8243; z_index=&#8221;0&#8243; css_animation=&#8221;scroll-trigger&#8221; animation_state=&#8221;end&#8221; animation_origin=&#8221;bottom center&#8221; animation_scale_val=&#8221;150&#8243; animation_opacity=&#8221;100&#8243; animation_x=&#8221;0&#8243; animation_y=&#8221;0&#8243; animation_blur=&#8221;0&#8243; animation_rotate=&#8221;0&#8243; animation_perspective=&#8221;0&#8243; animation_offset_top=&#8221;0&#8243; animation_offset_bottom=&#8221;100&#8243; disable_mobile=&#8221;yes&#8221; disable_tablet=&#8221;yes&#8221; changer_back_color=&#8221;yes&#8221; content_parallax=&#8221;0&#8243; uncode_shortcode_id=&#8221;689708&#8243; back_color_type=&#8221;uncode-palette&#8221;][vc_column column_width_percent=&#8221;100&#8243; position_vertical=&#8221;middle&#8221; align_horizontal=&#8221;align_center&#8221; gutter_size=&#8221;3&#8243; style=&#8221;dark&#8221; overlay_alpha=&#8221;50&#8243; shift_x=&#8221;0&#8243; shift_y=&#8221;0&#8243; shift_y_down=&#8221;0&#8243; z_index=&#8221;0&#8243; medium_width=&#8221;0&#8243; mobile_width=&#8221;0&#8243; width=&#8221;1\/1&#8243; uncode_shortcode_id=&#8221;111119&#8243;][vc_row_inner row_inner_height_percent=&#8221;0&#8243; overlay_alpha=&#8221;50&#8243; gutter_size=&#8221;3&#8243; shift_y=&#8221;0&#8243; z_index=&#8221;2&#8243; limit_content=&#8221;&#8221; uncode_shortcode_id=&#8221;174373&#8243;][vc_column_inner column_width_percent=&#8221;100&#8243; align_horizontal=&#8221;align_center&#8221; gutter_size=&#8221;2&#8243; overlay_alpha=&#8221;50&#8243; shift_x=&#8221;0&#8243; shift_y=&#8221;0&#8243; shift_y_down=&#8221;0&#8243; z_index=&#8221;0&#8243; medium_width=&#8221;0&#8243; mobile_width=&#8221;0&#8243; width=&#8221;1\/4&#8243; uncode_shortcode_id=&#8221;190915&#8243;][\/vc_column_inner][vc_column_inner column_width_percent=&#8221;100&#8243; position_vertical=&#8221;middle&#8221; align_horizontal=&#8221;align_center&#8221; gutter_size=&#8221;3&#8243; overlay_alpha=&#8221;50&#8243; shift_x=&#8221;0&#8243; shift_y=&#8221;0&#8243; shift_y_down=&#8221;0&#8243; z_index=&#8221;0&#8243; medium_width=&#8221;0&#8243; mobile_width=&#8221;0&#8243; width=&#8221;1\/2&#8243; uncode_shortcode_id=&#8221;151276&#8243;][vc_single_image media=&#8221;159813&#8243; media_width_percent=&#8221;100&#8243; css_animation=&#8221;alpha-anim&#8221; animation_speed=&#8221;2000&#8243; uncode_shortcode_id=&#8221;131557&#8243;][\/vc_column_inner][vc_column_inner width=&#8221;1\/4&#8243;][\/vc_column_inner][\/vc_row_inner][\/vc_column][\/vc_row][vc_row row_height_percent=&#8221;0&#8243; override_padding=&#8221;yes&#8221; h_padding=&#8221;2&#8243; top_padding=&#8221;6&#8243; bottom_padding=&#8221;7&#8243; back_color=&#8221;color-180562&#8243; overlay_alpha=&#8221;50&#8243; gutter_size=&#8221;3&#8243; column_width_percent=&#8221;100&#8243; shift_y=&#8221;0&#8243; z_index=&#8221;0&#8243; bottom_divider=&#8221;swoosh-opacity&#8221; content_parallax=&#8221;0&#8243; uncode_shortcode_id=&#8221;207809&#8243; back_color_type=&#8221;uncode-palette&#8221;][vc_column column_width_percent=&#8221;100&#8243; position_vertical=&#8221;middle&#8221; align_horizontal=&#8221;align_center&#8221; gutter_size=&#8221;4&#8243; overlay_alpha=&#8221;50&#8243; shift_x=&#8221;0&#8243; shift_y=&#8221;0&#8243; shift_y_down=&#8221;0&#8243; shift_y_down_fixed=&#8221;yes&#8221; z_index=&#8221;0&#8243; medium_width=&#8221;0&#8243; align_mobile=&#8221;align_center_mobile&#8221; mobile_width=&#8221;0&#8243; width=&#8221;1\/1&#8243; uncode_shortcode_id=&#8221;143928&#8243;][vc_row_inner][vc_column_inner column_width_percent=&#8221;100&#8243; align_horizontal=&#8221;align_center&#8221; gutter_size=&#8221;2&#8243; override_padding=&#8221;yes&#8221; column_padding=&#8221;0&#8243; overlay_alpha=&#8221;50&#8243; shift_x=&#8221;0&#8243; shift_y=&#8221;0&#8243; shift_y_down=&#8221;0&#8243; z_index=&#8221;0&#8243; medium_width=&#8221;0&#8243; mobile_width=&#8221;0&#8243; width=&#8221;1\/1&#8243; uncode_shortcode_id=&#8221;153726&#8243;][vc_empty_space empty_h=&#8221;2&#8243;][vc_custom_heading text_color=&#8221;color-385815&#8243; heading_semantic=&#8221;h1&#8243; text_size=&#8221;fontsize-853048&#8243; text_weight=&#8221;400&#8243; text_height=&#8221;fontheight-122875&#8243; css_animation=&#8221;text-reveal&#8221; text_reveal_target=&#8221;chars&#8221; text_reveal_opacity=&#8221;10&#8243; text_reveal_speed=&#8221;50&#8243; text_reveal_top=&#8221;50&#8243; uncode_shortcode_id=&#8221;667552&#8243; text_color_type=&#8221;uncode-palette&#8221;]Aus der Verbindung mit der Natur entsteht die authentischste Energie: Honig.[\/vc_custom_heading][\/vc_column_inner][\/vc_row_inner][vc_row_inner][vc_column_inner column_width_percent=&#8221;60&#8243; align_horizontal=&#8221;align_center&#8221; gutter_size=&#8221;2&#8243; override_padding=&#8221;yes&#8221; column_padding=&#8221;0&#8243; overlay_alpha=&#8221;50&#8243; shift_x=&#8221;0&#8243; shift_y=&#8221;0&#8243; shift_y_down=&#8221;0&#8243; z_index=&#8221;0&#8243; medium_width=&#8221;0&#8243; mobile_width=&#8221;0&#8243; width=&#8221;1\/1&#8243; uncode_shortcode_id=&#8221;420347&#8243;][vc_column_text text_lead=&#8221;yes&#8221; uncode_shortcode_id=&#8221;351524&#8243;]Ein Honig, der aus einer Lebensentscheidung entstanden ist.<br \/>\nNach Jahren in der Welt der Kunst haben wir uns f\u00fcr einen authentischeren Lebensrhythmus entschieden, der n\u00e4her an der Natur ist. So entstand Kikka O: ein Projekt, das Sch\u00f6nheit, Qualit\u00e4t und Respekt vereint. Wir w\u00e4hlen Bio-Honig aus unber\u00fchrten Gebieten Italiens aus, die reich an Biodiversit\u00e4t und nat\u00fcrlicher Bl\u00fctenpracht sind. Das Ergebnis ist ein Honig, der nach handwerklichen Methoden geerntet und von Hand verpackt wird.<br \/>\n[\/vc_column_text][\/vc_column_inner][\/vc_row_inner][vc_row_inner row_inner_height_percent=&#8221;0&#8243; overlay_alpha=&#8221;50&#8243; gutter_size=&#8221;3&#8243; shift_y=&#8221;0&#8243; z_index=&#8221;0&#8243; desktop_visibility=&#8221;yes&#8221; medium_visibility=&#8221;yes&#8221; mobile_visibility=&#8221;yes&#8221; uncode_shortcode_id=&#8221;110601&#8243;][vc_column_inner column_width_percent=&#8221;100&#8243; align_horizontal=&#8221;align_center&#8221; gutter_size=&#8221;3&#8243; override_padding=&#8221;yes&#8221; column_padding=&#8221;0&#8243; overlay_alpha=&#8221;50&#8243; shift_x=&#8221;0&#8243; shift_y=&#8221;0&#8243; shift_y_down=&#8221;0&#8243; z_index=&#8221;0&#8243; medium_width=&#8221;0&#8243; mobile_width=&#8221;0&#8243; width=&#8221;1\/1&#8243;][vc_single_image media=&#8221;159825&#8243; media_width_percent=&#8221;100&#8243; media_ratio=&#8221;sixteen-nine&#8221; shadow=&#8221;yes&#8221; shadow_weight=&#8221;std&#8221; css_animation=&#8221;alpha-anim&#8221; animation_speed=&#8221;2000&#8243; animation_delay=&#8221;400&#8243; uncode_shortcode_id=&#8221;131768&#8243;][\/vc_column_inner][\/vc_row_inner][vc_empty_space empty_h=&#8221;2&#8243;][\/vc_column][\/vc_row][vc_row unlock_row_content=&#8221;yes&#8221; row_height_percent=&#8221;70&#8243; override_padding=&#8221;yes&#8221; h_padding=&#8221;0&#8243; top_padding=&#8221;0&#8243; bottom_padding=&#8221;0&#8243; overlay_alpha=&#8221;50&#8243; equal_height=&#8221;yes&#8221; gutter_size=&#8221;0&#8243; column_width_percent=&#8221;100&#8243; shift_y=&#8221;0&#8243; z_index=&#8221;0&#8243; content_parallax=&#8221;0&#8243; el_class=&#8221;inverted-device-order&#8221; uncode_shortcode_id=&#8221;151879&#8243;][vc_column column_width_use_pixel=&#8221;yes&#8221; position_vertical=&#8221;middle&#8221; gutter_size=&#8221;3&#8243; override_padding=&#8221;yes&#8221; column_padding=&#8221;4&#8243; overlay_alpha=&#8221;50&#8243; shift_x=&#8221;0&#8243; shift_y=&#8221;0&#8243; shift_y_down=&#8221;0&#8243; z_index=&#8221;0&#8243; medium_width=&#8221;0&#8243; mobile_width=&#8221;0&#8243; width=&#8221;1\/2&#8243; column_width_pixel=&#8221;690&#8243; uncode_shortcode_id=&#8221;146028&#8243;][vc_row_inner][vc_column_inner column_width_percent=&#8221;100&#8243; gutter_size=&#8221;2&#8243; overlay_alpha=&#8221;50&#8243; shift_x=&#8221;0&#8243; shift_y=&#8221;0&#8243; shift_y_down=&#8221;0&#8243; z_index=&#8221;0&#8243; medium_width=&#8221;0&#8243; mobile_width=&#8221;0&#8243; width=&#8221;1\/1&#8243; uncode_shortcode_id=&#8221;212362&#8243;][vc_custom_heading heading_semantic=&#8221;h3&#8243; text_size=&#8221;h1&#8243; uncode_shortcode_id=&#8221;118665&#8243;]Unsere Philosophie[\/vc_custom_heading][vc_column_text uncode_shortcode_id=&#8221;182357&#8243;]<\/p>\n<p style=\"font-weight: 400;\">Kikka O ist ein zu 100 % italienischer Bio-Honig. Der Nektar stammt von Bienen, die in italienischen Gebieten t\u00e4tig sind, die aufgrund ihres Blumenreichtums und ihrer Umweltreinheit ausgew\u00e4hlt wurden. Hergestellt nach den Grunds\u00e4tzen der biologischen Bienenzucht:<\/p>\n<ul>\n<li style=\"font-weight: 400;\">keine Pestizide<\/li>\n<li style=\"font-weight: 400;\">keine Antibiotika<\/li>\n<li style=\"font-weight: 400;\">keine chemische Behandlung der Waben<\/li>\n<li style=\"font-weight: 400;\">absolute Achtung der Bienen- und Bl\u00fctezeiten<\/li>\n<\/ul>\n<p style=\"font-weight: 400;\">Der Honig wird niemals pasteurisiert: Er wird kalt verarbeitet, um Enzyme, Aromen und nat\u00fcrliche Eigenschaften zu erhalten.<\/p>\n<p><span style=\"font-weight: 400;\">Jedes Glas wird sorgf\u00e4ltig in kleinen Mengen abgef\u00fcllt, um stets die Echtheit zu gew\u00e4hrleisten.<\/span>[\/vc_column_text][\/vc_column_inner][\/vc_row_inner][vc_empty_space empty_h=&#8221;1&#8243;][\/vc_column][vc_column column_width_percent=&#8221;100&#8243; position_vertical=&#8221;middle&#8221; align_horizontal=&#8221;align_center&#8221; gutter_size=&#8221;3&#8243; back_color=&#8221;color-180562&#8243; back_image=&#8221;159850&#8243; back_position=&#8221;right center&#8221; parallax=&#8221;yes&#8221; kburns=&#8221;magnetic&#8221; overlay_alpha=&#8221;45&#8243; shift_x=&#8221;0&#8243; shift_y=&#8221;0&#8243; shift_y_down=&#8221;0&#8243; z_index=&#8221;0&#8243; medium_width=&#8221;0&#8243; mobile_width=&#8221;0&#8243; width=&#8221;1\/2&#8243; mobile_height=&#8221;340&#8243; uncode_shortcode_id=&#8221;125211&#8243; back_color_type=&#8221;uncode-palette&#8221;][vc_single_image media=&#8221;159852&#8243; media_width_percent=&#8221;40&#8243; alignment=&#8221;center&#8221; uncode_shortcode_id=&#8221;125048&#8243;][\/vc_column][\/vc_row][vc_row unlock_row_content=&#8221;yes&#8221; row_height_percent=&#8221;70&#8243; override_padding=&#8221;yes&#8221; h_padding=&#8221;0&#8243; top_padding=&#8221;0&#8243; bottom_padding=&#8221;0&#8243; back_color=&#8221;color-180562&#8243; overlay_alpha=&#8221;50&#8243; equal_height=&#8221;yes&#8221; gutter_size=&#8221;0&#8243; column_width_percent=&#8221;100&#8243; shift_y=&#8221;0&#8243; z_index=&#8221;0&#8243; content_parallax=&#8221;0&#8243; uncode_shortcode_id=&#8221;159962&#8243; back_color_type=&#8221;uncode-palette&#8221;][vc_column column_width_percent=&#8221;100&#8243; position_vertical=&#8221;middle&#8221; gutter_size=&#8221;3&#8243; back_image=&#8221;159814&#8243; back_position=&#8221;center center&#8221; overlay_alpha=&#8221;45&#8243; shift_x=&#8221;0&#8243; shift_y=&#8221;0&#8243; shift_y_down=&#8221;0&#8243; z_index=&#8221;0&#8243; medium_width=&#8221;0&#8243; mobile_width=&#8221;0&#8243; width=&#8221;1\/2&#8243; mobile_height=&#8221;340&#8243; uncode_shortcode_id=&#8221;595466&#8243; back_color_type=&#8221;uncode-gradient&#8221; back_color_gradient=&#8221;{&#8220;css&#8220;:&#8220;background: linear-gradient(to top , rgb(163, 126, 44) 27% , rgb(222, 183, 116) 81%);&#8220;,&#8220;sliders&#8220;:`{`{&#8220;color&#8220;:&#8220;rgb(163, 126, 44)&#8220;,&#8220;position&#8220;:27},{&#8220;color&#8220;:&#8220;rgb(222, 183, 116)&#8220;,&#8220;position&#8220;:81}`}`,&#8220;type&#8220;:&#8220;linear&#8220;,&#8220;direction&#8220;:&#8220;bottom&#8220;}&#8221;][vc_single_image media=&#8221;159852&#8243; media_width_percent=&#8221;40&#8243; alignment=&#8221;center&#8221; css_animation=&#8221;parallax&#8221; parallax_intensity=&#8221;8&#8243; uncode_shortcode_id=&#8221;104029&#8243;][\/vc_column][vc_column column_width_use_pixel=&#8221;yes&#8221; position_vertical=&#8221;middle&#8221; gutter_size=&#8221;3&#8243; override_padding=&#8221;yes&#8221; column_padding=&#8221;4&#8243; back_color=&#8221;color-xsdn&#8221; overlay_alpha=&#8221;89&#8243; shift_x=&#8221;0&#8243; shift_y=&#8221;0&#8243; shift_y_down=&#8221;0&#8243; z_index=&#8221;0&#8243; medium_width=&#8221;0&#8243; mobile_width=&#8221;0&#8243; width=&#8221;1\/2&#8243; uncode_shortcode_id=&#8221;165613&#8243; back_color_type=&#8221;uncode-palette&#8221; column_width_pixel=&#8221;690&#8243;][vc_row_inner][vc_column_inner column_width_percent=&#8221;100&#8243; gutter_size=&#8221;2&#8243; overlay_alpha=&#8221;50&#8243; shift_x=&#8221;0&#8243; shift_y=&#8221;0&#8243; shift_y_down=&#8221;0&#8243; z_index=&#8221;0&#8243; medium_width=&#8221;0&#8243; mobile_width=&#8221;0&#8243; width=&#8221;1\/1&#8243; uncode_shortcode_id=&#8221;210963&#8243;][vc_custom_heading text_size=&#8221;h1&#8243; uncode_shortcode_id=&#8221;152227&#8243;]KIKKA O \u2013 die Lebensenergie des Honigs[\/vc_custom_heading][vc_column_text uncode_shortcode_id=&#8221;926655&#8243;]Wir sind zwei Menschen, die seit Jahren in der Welt der Kunst t\u00e4tig sind und mit bedeutenden Pers\u00f6nlichkeiten zusammenarbeiten. Unsere Liebe zum Detail, zur Form und zur Qualit\u00e4t hat uns dazu veranlasst, nach einer einfacheren und authentischeren Art der Kreation zu suchen.<br \/>\nSo entstand Kikka O, ein Projekt, das Ethik, \u00c4sthetik und Territorium vereint. Wir haben diesen Namen gew\u00e4hlt, weil er an die Lebensenergie erinnert: Auf Chinesisch hei\u00dft sie Qi, auf Japanisch wird sie Ki ausgesprochen. Genau wie Yin Qi vereint unser Honig Zartheit und Kraft und bringt mit jedem Tropfen K\u00f6rper und Geist ins Gleichgewicht.<br \/>\nKikka O ist ein Honig, der K\u00f6rper und Geist n\u00e4hrt. Die sorgf\u00e4ltig ausgew\u00e4hlten italienischen Bio-Honige bewahren die nat\u00fcrliche Lebensenergie \u2013 das Qi \u2013, die durch jede Blume flie\u00dft. Jeder Teel\u00f6ffel enth\u00e4lt Reinheit und Harmonie, um einen Moment des Wohlbefindens im Alltag zu finden.<br \/>\nKikka O: ein Honig, der die Energie der Natur bewahrt. Aus den unber\u00fchrtesten italienischen Bl\u00fcten bringt er Qi mit sich, die subtile Kraft, die K\u00f6rper und Geist unterst\u00fctzt und harmonisiert, Tropfen f\u00fcr Tropfen.<br \/>\n[\/vc_column_text][\/vc_column_inner][\/vc_row_inner][vc_empty_space empty_h=&#8221;1&#8243;][\/vc_column][\/vc_row][vc_row row_height_percent=&#8221;100&#8243; back_image=&#8221;24&#8243; parallax=&#8221;yes&#8221; overlay_alpha=&#8221;50&#8243; gutter_size=&#8221;3&#8243; column_width_percent=&#8221;100&#8243; shift_y=&#8221;0&#8243; z_index=&#8221;0&#8243; desktop_visibility=&#8221;yes&#8221; medium_visibility=&#8221;yes&#8221; mobile_visibility=&#8221;yes&#8221; content_parallax=&#8221;0&#8243; uncode_shortcode_id=&#8221;485468&#8243;][vc_column width=&#8221;1\/1&#8243;][vc_row_inner row_inner_height_percent=&#8221;0&#8243; overlay_alpha=&#8221;50&#8243; gutter_size=&#8221;3&#8243; shift_y=&#8221;0&#8243; z_index=&#8221;0&#8243; desktop_visibility=&#8221;yes&#8221; medium_visibility=&#8221;yes&#8221; mobile_visibility=&#8221;yes&#8221; uncode_shortcode_id=&#8221;110601&#8243;][vc_column_inner column_width_percent=&#8221;100&#8243; align_horizontal=&#8221;align_center&#8221; gutter_size=&#8221;3&#8243; override_padding=&#8221;yes&#8221; column_padding=&#8221;0&#8243; overlay_alpha=&#8221;50&#8243; shift_x=&#8221;0&#8243; shift_y=&#8221;0&#8243; shift_y_down=&#8221;0&#8243; z_index=&#8221;0&#8243; medium_width=&#8221;0&#8243; mobile_width=&#8221;0&#8243; width=&#8221;1\/1&#8243;][vc_single_image media=&#8221;159310&#8243; media_width_percent=&#8221;100&#8243; media_ratio=&#8221;sixteen-nine&#8221; shadow=&#8221;yes&#8221; shadow_weight=&#8221;std&#8221; css_animation=&#8221;alpha-anim&#8221; animation_speed=&#8221;2000&#8243; animation_delay=&#8221;400&#8243; uncode_shortcode_id=&#8221;760785&#8243;][\/vc_column_inner][\/vc_row_inner][\/vc_column][\/vc_row]<\/p>\n<\/div>","protected":false},"excerpt":{"rendered":"<p>[vc_row row_height_percent=&#8221;100&#8243; override_padding=&#8221;yes&#8221; h_padding=&#8221;3&#8243; top_padding=&#8221;7&#8243; bottom_padding=&#8221;3&#8243; back_color=&#8221;color-180562&#8243; back_image=&#8221;159509&#8243; back_repeat=&#8221;no-repeat&#8221; back_position=&#8221;center center&#8221; overlay_alpha=&#8221;50&#8243; gutter_size=&#8221;3&#8243; column_width_percent=&#8221;100&#8243; shift_y=&#8221;0&#8243; z_index=&#8221;0&#8243; css_animation=&#8221;scroll-trigger&#8221; animation_state=&#8221;end&#8221; animation_origin=&#8221;bottom center&#8221; [&hellip;]<\/p>\n","protected":false},"author":1,"featured_media":0,"parent":0,"menu_order":0,"comment_status":"closed","ping_status":"closed","template":"","meta":{"footnotes":""},"class_list":["post-159846","page","type-page","status-publish","hentry"],"_links":{"self":[{"href":"https:\/\/www.kikkao.ch\/de\/wp-json\/wp\/v2\/pages\/159846","targetHints":{"allow":["GET"]}}],"collection":[{"href":"https:\/\/www.kikkao.ch\/de\/wp-json\/wp\/v2\/pages"}],"about":[{"href":"https:\/\/www.kikkao.ch\/de\/wp-json\/wp\/v2\/types\/page"}],"author":[{"embeddable":true,"href":"https:\/\/www.kikkao.ch\/de\/wp-json\/wp\/v2\/users\/1"}],"replies":[{"embeddable":true,"href":"https:\/\/www.kikkao.ch\/de\/wp-json\/wp\/v2\/comments?post=159846"}],"version-history":[{"count":8,"href":"https:\/\/www.kikkao.ch\/de\/wp-json\/wp\/v2\/pages\/159846\/revisions"}],"predecessor-version":[{"id":159860,"href":"https:\/\/www.kikkao.ch\/de\/wp-json\/wp\/v2\/pages\/159846\/revisions\/159860"}],"wp:attachment":[{"href":"https:\/\/www.kikkao.ch\/de\/wp-json\/wp\/v2\/media?parent=159846"}],"curies":[{"name":"wp","href":"https:\/\/api.w.org\/{rel}","templated":true}]}}