{"id":159693,"date":"2025-08-08T16:13:28","date_gmt":"2025-08-08T14:13:28","guid":{"rendered":"https:\/\/www.kikkao.ch\/vendita-e-distribuzione\/"},"modified":"2026-02-06T15:25:07","modified_gmt":"2026-02-06T14:25:07","slug":"vente","status":"publish","type":"page","link":"https:\/\/www.kikkao.ch\/fr\/vente\/","title":{"rendered":"VENTE"},"content":{"rendered":"<div class=\"wpb-content-wrapper\"><p>[vc_row row_height_percent=&#8221;100&#8243; override_padding=&#8221;yes&#8221; h_padding=&#8221;3&#8243; top_padding=&#8221;7&#8243; bottom_padding=&#8221;3&#8243; back_color=&#8221;color-180562&#8243; back_image=&#8221;159537&#8243; back_repeat=&#8221;no-repeat&#8221; back_position=&#8221;center center&#8221; overlay_alpha=&#8221;50&#8243; gutter_size=&#8221;3&#8243; column_width_percent=&#8221;100&#8243; shift_y=&#8221;0&#8243; z_index=&#8221;0&#8243; css_animation=&#8221;scroll-trigger&#8221; animation_state=&#8221;end&#8221; animation_origin=&#8221;bottom center&#8221; animation_scale_val=&#8221;150&#8243; animation_opacity=&#8221;100&#8243; animation_x=&#8221;0&#8243; animation_y=&#8221;0&#8243; animation_blur=&#8221;0&#8243; animation_rotate=&#8221;0&#8243; animation_perspective=&#8221;0&#8243; animation_offset_top=&#8221;0&#8243; animation_offset_bottom=&#8221;100&#8243; disable_mobile=&#8221;yes&#8221; disable_tablet=&#8221;yes&#8221; changer_back_color=&#8221;yes&#8221; content_parallax=&#8221;0&#8243; uncode_shortcode_id=&#8221;193842&#8243; back_color_type=&#8221;uncode-palette&#8221;][vc_column column_width_percent=&#8221;100&#8243; position_vertical=&#8221;middle&#8221; align_horizontal=&#8221;align_center&#8221; gutter_size=&#8221;3&#8243; style=&#8221;dark&#8221; overlay_alpha=&#8221;50&#8243; shift_x=&#8221;0&#8243; shift_y=&#8221;0&#8243; shift_y_down=&#8221;0&#8243; z_index=&#8221;0&#8243; medium_width=&#8221;0&#8243; mobile_width=&#8221;0&#8243; width=&#8221;1\/1&#8243; uncode_shortcode_id=&#8221;111119&#8243;][vc_row_inner row_inner_height_percent=&#8221;0&#8243; overlay_alpha=&#8221;50&#8243; gutter_size=&#8221;3&#8243; shift_y=&#8221;0&#8243; z_index=&#8221;2&#8243; limit_content=&#8221;&#8221; uncode_shortcode_id=&#8221;174373&#8243;][vc_column_inner column_width_percent=&#8221;100&#8243; align_horizontal=&#8221;align_center&#8221; gutter_size=&#8221;2&#8243; overlay_alpha=&#8221;50&#8243; shift_x=&#8221;0&#8243; shift_y=&#8221;0&#8243; shift_y_down=&#8221;0&#8243; z_index=&#8221;0&#8243; medium_width=&#8221;0&#8243; mobile_width=&#8221;0&#8243; width=&#8221;1\/4&#8243; uncode_shortcode_id=&#8221;190915&#8243;][\/vc_column_inner][vc_column_inner column_width_percent=&#8221;100&#8243; position_vertical=&#8221;middle&#8221; align_horizontal=&#8221;align_center&#8221; gutter_size=&#8221;3&#8243; overlay_alpha=&#8221;50&#8243; shift_x=&#8221;0&#8243; shift_y=&#8221;0&#8243; shift_y_down=&#8221;0&#8243; z_index=&#8221;0&#8243; medium_width=&#8221;0&#8243; mobile_width=&#8221;0&#8243; width=&#8221;1\/2&#8243; uncode_shortcode_id=&#8221;151276&#8243;][vc_single_image media=&#8221;159662&#8243; media_width_percent=&#8221;100&#8243; css_animation=&#8221;alpha-anim&#8221; animation_speed=&#8221;2000&#8243; animation_delay=&#8221;600&#8243; uncode_shortcode_id=&#8221;151246&#8243;][\/vc_column_inner][vc_column_inner width=&#8221;1\/4&#8243;][\/vc_column_inner][\/vc_row_inner][\/vc_column][\/vc_row][vc_row row_height_percent=&#8221;0&#8243; override_padding=&#8221;yes&#8221; h_padding=&#8221;2&#8243; top_padding=&#8221;6&#8243; bottom_padding=&#8221;4&#8243; back_color=&#8221;color-180562&#8243; overlay_alpha=&#8221;50&#8243; gutter_size=&#8221;3&#8243; column_width_percent=&#8221;100&#8243; shift_y=&#8221;0&#8243; z_index=&#8221;0&#8243; bottom_divider=&#8221;swoosh-opacity&#8221; content_parallax=&#8221;0&#8243; uncode_shortcode_id=&#8221;139008&#8243; back_color_type=&#8221;uncode-palette&#8221;][vc_column column_width_percent=&#8221;100&#8243; position_vertical=&#8221;middle&#8221; align_horizontal=&#8221;align_center&#8221; gutter_size=&#8221;4&#8243; overlay_alpha=&#8221;50&#8243; shift_x=&#8221;0&#8243; shift_y=&#8221;0&#8243; shift_y_down=&#8221;0&#8243; shift_y_down_fixed=&#8221;yes&#8221; z_index=&#8221;0&#8243; medium_width=&#8221;0&#8243; align_mobile=&#8221;align_center_mobile&#8221; mobile_width=&#8221;0&#8243; width=&#8221;1\/1&#8243; uncode_shortcode_id=&#8221;143928&#8243;][vc_row_inner][vc_column_inner column_width_percent=&#8221;100&#8243; align_horizontal=&#8221;align_center&#8221; gutter_size=&#8221;2&#8243; override_padding=&#8221;yes&#8221; column_padding=&#8221;0&#8243; overlay_alpha=&#8221;50&#8243; shift_x=&#8221;0&#8243; shift_y=&#8221;0&#8243; shift_y_down=&#8221;0&#8243; z_index=&#8221;0&#8243; medium_width=&#8221;0&#8243; mobile_width=&#8221;0&#8243; width=&#8221;1\/1&#8243; uncode_shortcode_id=&#8221;153726&#8243;][vc_empty_space empty_h=&#8221;2&#8243;][vc_custom_heading text_color=&#8221;color-385815&#8243; heading_semantic=&#8221;h1&#8243; text_size=&#8221;fontsize-853048&#8243; text_weight=&#8221;400&#8243; text_height=&#8221;fontheight-122875&#8243; css_animation=&#8221;text-reveal&#8221; text_reveal_target=&#8221;chars&#8221; text_reveal_opacity=&#8221;10&#8243; text_reveal_speed=&#8221;50&#8243; text_reveal_top=&#8221;50&#8243; uncode_shortcode_id=&#8221;212446&#8243; text_color_type=&#8221;uncode-palette&#8221;]Le lien avec la nature donne naissance \u00e0 l&#8217;\u00e9nergie la plus authentique : le miel.[\/vc_custom_heading][\/vc_column_inner][\/vc_row_inner][\/vc_column][\/vc_row][vc_row row_height_percent=&#8221;0&#8243; override_padding=&#8221;yes&#8221; h_padding=&#8221;2&#8243; top_padding=&#8221;4&#8243; bottom_padding=&#8221;7&#8243; back_color=&#8221;color-180562&#8243; overlay_alpha=&#8221;50&#8243; gutter_size=&#8221;3&#8243; column_width_percent=&#8221;100&#8243; shift_y=&#8221;0&#8243; z_index=&#8221;0&#8243; bottom_divider=&#8221;swoosh-opacity&#8221; content_parallax=&#8221;0&#8243; uncode_shortcode_id=&#8221;143794&#8243; back_color_type=&#8221;uncode-palette&#8221;][vc_column column_width_percent=&#8221;100&#8243; gutter_size=&#8221;2&#8243; overlay_alpha=&#8221;50&#8243; shift_x=&#8221;0&#8243; shift_y=&#8221;0&#8243; shift_y_down=&#8221;0&#8243; shift_y_down_fixed=&#8221;yes&#8221; z_index=&#8221;0&#8243; medium_width=&#8221;0&#8243; align_mobile=&#8221;align_center_mobile&#8221; mobile_width=&#8221;0&#8243; width=&#8221;1\/3&#8243; uncode_shortcode_id=&#8221;172873&#8243;][vc_custom_heading uncode_shortcode_id=&#8221;352327&#8243;]Vente[\/vc_custom_heading][vc_column_text uncode_shortcode_id=&#8221;172780&#8243;]Nous s\u00e9lectionnons avec soin nos miels et nous nous occupons personnellement de leur distribution.<\/p>\n<p>Nous fournissons :<br \/>\n[\/vc_column_text][uncode_list icon=&#8221;fa fa-minus2&#8243; uncode_shortcode_id=&#8221;117878&#8243;]<\/p>\n<ul>\n<li>Particuliers (achats ponctuels ou r\u00e9guliers)<\/li>\n<li>\u00c9tablissements d&#8217;h\u00e9bergement (h\u00f4tels, g\u00eetes ruraux, chambres d&#8217;h\u00f4tes)<\/li>\n<li>Restaurants et traiteurs<\/li>\n<li>Revendeurs s\u00e9lectionn\u00e9s<\/li>\n<\/ul>\n<p>[\/uncode_list][vc_column_text uncode_shortcode_id=&#8221;147623&#8243;]Nous livrons dans toute la Suisse.[\/vc_column_text][vc_empty_space empty_h=&#8221;2&#8243;][vc_button button_color=&#8221;color-385815&#8243; border_width=&#8221;0&#8243; link=&#8221;url:%23|||&#8221; button_color_type=&#8221;uncode-palette&#8221; uncode_shortcode_id=&#8221;170321&#8243;]Acheter[\/vc_button][\/vc_column][vc_column column_width_percent=&#8221;100&#8243; gutter_size=&#8221;2&#8243; overlay_alpha=&#8221;50&#8243; shift_x=&#8221;0&#8243; shift_y=&#8221;0&#8243; shift_y_down=&#8221;0&#8243; z_index=&#8221;0&#8243; medium_width=&#8221;0&#8243; mobile_width=&#8221;0&#8243; width=&#8221;1\/3&#8243; uncode_shortcode_id=&#8221;296084&#8243;][vc_custom_heading uncode_shortcode_id=&#8221;208565&#8243;]Vous avez un magasin, un restaurant ou un \u00e9tablissement h\u00f4telier ?[\/vc_custom_heading][vc_column_text uncode_shortcode_id=&#8221;141850&#8243;]Vous avez un restaurant, un h\u00f4tel ou vous souhaitez simplement d\u00e9guster un miel vraiment bon ? Contactez-nous :[\/vc_column_text][vc_column_text uncode_shortcode_id=&#8221;733706&#8243;]DDisponible en format 250 g. Notre miel biologique peut \u00e9galement \u00eatre conditionn\u00e9 dans des emballages sur mesure, con\u00e7us pour r\u00e9pondre aux besoins des chefs, des restaurants de charme et des \u00e9tablissements h\u00f4teliers.[\/vc_column_text][\/vc_column][vc_column column_width_percent=&#8221;100&#8243; gutter_size=&#8221;2&#8243; overlay_alpha=&#8221;50&#8243; shift_x=&#8221;0&#8243; shift_y=&#8221;0&#8243; shift_y_down=&#8221;0&#8243; z_index=&#8221;0&#8243; medium_width=&#8221;0&#8243; mobile_width=&#8221;0&#8243; width=&#8221;1\/3&#8243; uncode_shortcode_id=&#8221;973332&#8243;][vc_custom_heading uncode_shortcode_id=&#8221;852063&#8243;]Vous \u00eates distributeur ou revendeur dans le secteur agroalimentaire ?[\/vc_custom_heading][vc_column_text uncode_shortcode_id=&#8221;188153&#8243;]Nous recherchons des entreprises int\u00e9ress\u00e9es par la distribution des produits KIKKA O.[\/vc_column_text][vc_empty_space empty_h=&#8221;2&#8243;][vc_button button_color=&#8221;color-385815&#8243; border_width=&#8221;0&#8243; link=&#8221;url:%23|||&#8221; button_color_type=&#8221;uncode-palette&#8221; uncode_shortcode_id=&#8221;103324&#8243;]Contactez-nous[\/vc_button][\/vc_column][\/vc_row][vc_row row_height_percent=&#8221;100&#8243; back_image=&#8221;24&#8243; parallax=&#8221;yes&#8221; overlay_alpha=&#8221;50&#8243; gutter_size=&#8221;3&#8243; column_width_percent=&#8221;100&#8243; shift_y=&#8221;0&#8243; z_index=&#8221;0&#8243; desktop_visibility=&#8221;yes&#8221; medium_visibility=&#8221;yes&#8221; mobile_visibility=&#8221;yes&#8221; content_parallax=&#8221;0&#8243; uncode_shortcode_id=&#8221;485468&#8243;][vc_column width=&#8221;1\/1&#8243;][vc_row_inner row_inner_height_percent=&#8221;0&#8243; overlay_alpha=&#8221;50&#8243; gutter_size=&#8221;3&#8243; shift_y=&#8221;0&#8243; z_index=&#8221;0&#8243; desktop_visibility=&#8221;yes&#8221; medium_visibility=&#8221;yes&#8221; mobile_visibility=&#8221;yes&#8221; uncode_shortcode_id=&#8221;110601&#8243;][vc_column_inner column_width_percent=&#8221;100&#8243; align_horizontal=&#8221;align_center&#8221; gutter_size=&#8221;3&#8243; override_padding=&#8221;yes&#8221; column_padding=&#8221;0&#8243; overlay_alpha=&#8221;50&#8243; shift_x=&#8221;0&#8243; shift_y=&#8221;0&#8243; shift_y_down=&#8221;0&#8243; z_index=&#8221;0&#8243; medium_width=&#8221;0&#8243; mobile_width=&#8221;0&#8243; width=&#8221;1\/1&#8243;][vc_single_image media=&#8221;159310&#8243; media_width_percent=&#8221;100&#8243; media_ratio=&#8221;sixteen-nine&#8221; shadow=&#8221;yes&#8221; shadow_weight=&#8221;std&#8221; css_animation=&#8221;alpha-anim&#8221; animation_speed=&#8221;2000&#8243; animation_delay=&#8221;400&#8243; uncode_shortcode_id=&#8221;760785&#8243;][\/vc_column_inner][\/vc_row_inner][\/vc_column][\/vc_row]<\/p>\n<\/div>","protected":false},"excerpt":{"rendered":"<p>[vc_row row_height_percent=&#8221;100&#8243; override_padding=&#8221;yes&#8221; h_padding=&#8221;3&#8243; top_padding=&#8221;7&#8243; bottom_padding=&#8221;3&#8243; back_color=&#8221;color-180562&#8243; back_image=&#8221;159537&#8243; back_repeat=&#8221;no-repeat&#8221; back_position=&#8221;center center&#8221; overlay_alpha=&#8221;50&#8243; gutter_size=&#8221;3&#8243; column_width_percent=&#8221;100&#8243; shift_y=&#8221;0&#8243; z_index=&#8221;0&#8243; css_animation=&#8221;scroll-trigger&#8221; animation_state=&#8221;end&#8221; animation_origin=&#8221;bottom center&#8221; [&hellip;]<\/p>\n","protected":false},"author":1,"featured_media":0,"parent":0,"menu_order":0,"comment_status":"closed","ping_status":"closed","template":"","meta":{"footnotes":""},"class_list":["post-159693","page","type-page","status-publish","hentry"],"_links":{"self":[{"href":"https:\/\/www.kikkao.ch\/fr\/wp-json\/wp\/v2\/pages\/159693","targetHints":{"allow":["GET"]}}],"collection":[{"href":"https:\/\/www.kikkao.ch\/fr\/wp-json\/wp\/v2\/pages"}],"about":[{"href":"https:\/\/www.kikkao.ch\/fr\/wp-json\/wp\/v2\/types\/page"}],"author":[{"embeddable":true,"href":"https:\/\/www.kikkao.ch\/fr\/wp-json\/wp\/v2\/users\/1"}],"replies":[{"embeddable":true,"href":"https:\/\/www.kikkao.ch\/fr\/wp-json\/wp\/v2\/comments?post=159693"}],"version-history":[{"count":8,"href":"https:\/\/www.kikkao.ch\/fr\/wp-json\/wp\/v2\/pages\/159693\/revisions"}],"predecessor-version":[{"id":159736,"href":"https:\/\/www.kikkao.ch\/fr\/wp-json\/wp\/v2\/pages\/159693\/revisions\/159736"}],"wp:attachment":[{"href":"https:\/\/www.kikkao.ch\/fr\/wp-json\/wp\/v2\/media?parent=159693"}],"curies":[{"name":"wp","href":"https:\/\/api.w.org\/{rel}","templated":true}]}}